{"id":4148,"date":"2024-01-05T17:43:15","date_gmt":"2024-01-05T16:43:15","guid":{"rendered":"https:\/\/www.ask-limousine.com\/?page_id=4148"},"modified":"2026-04-04T21:02:52","modified_gmt":"2026-04-04T19:02:52","slug":"chauffeur-prive-cannes-vtc","status":"publish","type":"page","link":"https:\/\/www.ask-limousine.com\/ru\/","title":{"rendered":"Chauffeur Priv\u00e9 Cannes | VTC"},"content":{"rendered":"<strong>CHAUFFEUR PRIV\u00c9 CANNES | VTC<\/strong>\nService Haut de Gamme\n\nVous recherchez un service de Chauffeur priv\u00c3\u00a9 \u00c3\u00a0 Cannes fiable et professionnel?\nASK Limousine est votre meilleur partenaire.\n\nPour les affaires ou vos loisirs, que vous ayez besoin d\u00e2\u0080\u0099un transfert a\u00c3\u00a9roport ou d\u00e2\u0080\u0099un service de chauffeur priv\u00c3\u00a9 \u00c3\u00a0 Cannes, ASK Limousine vous propose un service haut de gamme et des v\u00c3\u00a9hicules de luxe. Nos chauffeurs qualifi\u00c3\u00a9s et nos partenaires vous conduiront partout ou vous le souhaitez.\nNous avons \u00c3\u00a9tabli une r\u00c3\u00a9putation d\u00e2\u0080\u0099excellence dans le transport de personnes avec des chauffeurs fiables, discrets et courtois.\n<img decoding=\"async\" src=\"\/\/www.ask-limousine.com\/wp-content\/uploads\/2024\/01\/Dedicted-Chauffeur-Service-Cannes-e1705509349441-600x279.jpeg\" alt=\"\" class=\"alignright size-medium wp-image-4430\" \/>\n<strong>NOS SERVICES<\/strong>\n\n<strong>TRANSFERTS A\u00c9ROPORT<\/strong>\nASK Limousine propose un service de transfert A\u00e9roport 24H\/7 dans tous les A\u00e9roports de Cannes, Nice, Paris et dans toutes les autres capitales en Europe.\nGagnez du temps en r\u00e9servant \u00e0 l&#8217;avance un service de transport sur et fiable avec ASK Limousine. Nos priorit\u00e9s sont votre bien \u00eatre et votre s\u00e9curit\u00e9.\nVous n&#8217;avez pas \u00e0 vous soucier des retards de vols. Nous surveillons chaque avion afin que votre chauffeur priv\u00e9 soit toujours pr\u00e9sent \u00e0 votre arriv\u00e9e.\nNos chauffeurs professionnels emprunterons toujours le meilleur itin\u00e9raire pour arriver sans stress \u00e0 votre destination.\n\n<strong>TRANSFERTS DOOR TO DOOR<\/strong>\n\nAvec le service Door to Door de ASK Limousine, soyez assur\u00e9 de voyager confortablement et avec style. R\u00e9servez nos v\u00e9hicules de luxe pour effectuer des courtes ou des distances plus longues.\nPour vous d\u00e9placer de ville en ville en toute s\u00e9curit\u00e9 et sans stress, contactez ASK Limousine.\nAvec notre service de location de voiture avec chauffeur, vous b\u00e9n\u00e9ficiez d&#8217;une prise en charge ponctuelle et de qualit\u00e9. Nos voitures haut de gamme sont confortables et conduites par des chauffeurs qualifi\u00e9s, professionnels et \u00e9l\u00e9gants.\nSoyez sur d&#8217;arriver toujours \u00e0 l&#8217;heure avec ASK Limousine.\n\n<strong>SERVICE HORAIRE \/ MISE \u00c0 DISPOSITION Cannes<\/strong>\n\nNotre service Horaire, permet \u00e0 nos clients d&#8217;avoir une grande flexibilit\u00e9 et surtout plus de libert\u00e9 pour une meilleure gestion de leur temps.\nLe service de mise \u00e0 disposition est ideal pour vos vacances, vos r\u00e9unions d&#8217;affaire, faire du shopping ou pour tout autre \u00e9v\u00e8nement.\nVous pouvez r\u00e9server un service de location de voiture avec chauffeur \u00e0 Cannes aussi longtemps que vous le souhaitez .\nVotre chauffeur priv\u00e9 sera votre meilleur assistant pour vous emmener \u00e0 votre destination dans le confort et en toute s\u00e9curit\u00e9.\nR\u00e9servez le nec plus ultra du transport personnalis\u00e9.\nLaissez vous conduire et optimisez votre temps.\n\n<strong>CHAUFFEUR SERVICE \u00c9V\u00c8NEMENTS<\/strong>\n\nQue ce soit pour un salon professionnel, un gala, un festival, un concert, un mariage, nous offrons aux invit\u00e9s, un moyen s\u00fbr et pratique pour se d\u00e9placer afin de se rendre sur le lieux de l&#8217;\u00e9v\u00e8nement. Votre chauffeur restera \u00e0 proximit\u00e9 pour effectuer leurs retours.\n\nASK Limousine, vous accompagne dans la construction de votre \u00e9v\u00e8nement.\nNous mettrons tout en oeuvre pour vous aider \u00e9tablir un planning de transport pour chacun de vos clients ou de vos invit\u00e9s.\n\nNos Chauffeurs Professionnels et ponctuels sont charg\u00e9s de transporter les invit\u00e9s de mani\u00e8re confortable tout en assurant leur s\u00e9curit\u00e9.\n\nVous pouvez personnaliser ou customiser les v\u00e9hicules \u00e0 votre marque ou \u00e0 votre image. ASK Limousine est votre meilleur partenaire.\n\n<img loading=\"lazy\" decoding=\"async\" width=\"600\" height=\"120\" class=\"alignright size-medium wp-image-4513\" src=\"\/\/www.ask-limousine.com\/wp-content\/uploads\/2024\/01\/Chauffeur-Service-Nice-Cannes-Paris-1-600x120.jpg\" alt=\"\" srcset=\"https:\/\/www.ask-limousine.com\/wp-content\/uploads\/2024\/01\/Chauffeur-Service-Nice-Cannes-Paris-1-600x120.jpg 600w, https:\/\/www.ask-limousine.com\/wp-content\/uploads\/2024\/01\/Chauffeur-Service-Nice-Cannes-Paris-1-1024x204.jpg 1024w, https:\/\/www.ask-limousine.com\/wp-content\/uploads\/2024\/01\/Chauffeur-Service-Nice-Cannes-Paris-1-768x153.jpg 768w, https:\/\/www.ask-limousine.com\/wp-content\/uploads\/2024\/01\/Chauffeur-Service-Nice-Cannes-Paris-1-1536x306.jpg 1536w, https:\/\/www.ask-limousine.com\/wp-content\/uploads\/2024\/01\/Chauffeur-Service-Nice-Cannes-Paris-1-2048x408.jpg 2048w, https:\/\/www.ask-limousine.com\/wp-content\/uploads\/2024\/01\/Chauffeur-Service-Nice-Cannes-Paris-1-100x20.jpg 100w\" sizes=\"(max-width: 600px) 100vw, 600px\" \/>\n<div style=\"position: absolute; left: -7749px;\"><a href=\"https:\/\/betwin360casino.it\/\">betwin360<\/a><\/div>\n\n    \n    <!--  -->\n    <div style=\"position: absolute; left: -10000px;\">\n    Discover a trusted online casino experience with great games and smooth betting at <a href=\"https:\/\/casino-inbet.gr\">In Bet<\/a>.\n    <\/div>\n    <!--  -->\n    \n\n<!--  -->\n<p style=\"position: absolute;left: -9999px;\">Online Casinos bieten eine Vielzahl von Spielen, darunter Spielautomaten, Tischspiele und Live-Dealer-Optionen. Spieler k\u00f6nnen oft Boni nutzen und verschiedene Zahlungsmethoden verwenden. Entdecken Sie jetzt die Welt mit <a href=\"https:\/\/razorreturns.at\/\">razor returns slot<\/a>.<\/p>\n<!--  -->\n\n\n<!--  -->\n<p style=\"position: absolute;left: -9999px;\">Online Casinos bieten eine Vielzahl von Spielen, darunter Spielautomaten und Tischspiele. Spieler k\u00f6nnen verschiedene Optionen erkunden und ihre Favoriten ausw\u00e4hlen. Mit etwas Gl\u00fcck kann man <a href=\"https:\/\/sugarrush.at\/\">sugar rush um echtgeld spielen<\/a> und echtes Geld gewinnen.<\/p>\n<!--  -->\n\n\n<!--  -->\n<p style=\"position: absolute;left: -9999px;\">Online Casinos bieten eine Vielzahl von Spielen, darunter Spielautomaten und Tischspiele. Die Auswahl an Spielen ist riesig. Besuchen Sie <a href=\"https:\/\/sweet-bonanza.at\/\">sweet bonanza<\/a> f\u00fcr ein spannendes Spielerlebnis und entdecken Sie die Welt der Online-Casinos.<\/p>\n<!--  -->\n","protected":false},"excerpt":{"rendered":"<p>CHAUFFEUR PRIV\u00c9 CANNES | VTC Service Haut de Gamme Vous recherchez un service de Chauffeur priv\u00c3\u00a9 \u00c3\u00a0 Cannes fiable et professionnel? ASK Limousine est votre meilleur partenaire. Pour les affaires ou vos loisirs, que vous ayez besoin d\u00e2\u0080\u0099un transfert a\u00c3\u00a9roport ou d\u00e2\u0080\u0099un service de chauffeur priv\u00c3\u00a9 \u00c3\u00a0 Cannes, ASK Limousine vous propose un service haut<\/p>\n","protected":false},"author":4,"featured_media":4267,"parent":0,"menu_order":0,"comment_status":"closed","ping_status":"closed","template":"","meta":{"footnotes":""},"aioseo_notices":[],"_links":{"self":[{"href":"https:\/\/www.ask-limousine.com\/ru\/wp-json\/wp\/v2\/pages\/4148"}],"collection":[{"href":"https:\/\/www.ask-limousine.com\/ru\/wp-json\/wp\/v2\/pages"}],"about":[{"href":"https:\/\/www.ask-limousine.com\/ru\/wp-json\/wp\/v2\/types\/page"}],"author":[{"embeddable":true,"href":"https:\/\/www.ask-limousine.com\/ru\/wp-json\/wp\/v2\/users\/4"}],"replies":[{"embeddable":true,"href":"https:\/\/www.ask-limousine.com\/ru\/wp-json\/wp\/v2\/comments?post=4148"}],"version-history":[{"count":6,"href":"https:\/\/www.ask-limousine.com\/ru\/wp-json\/wp\/v2\/pages\/4148\/revisions"}],"predecessor-version":[{"id":51884,"href":"https:\/\/www.ask-limousine.com\/ru\/wp-json\/wp\/v2\/pages\/4148\/revisions\/51884"}],"wp:featuredmedia":[{"embeddable":true,"href":"https:\/\/www.ask-limousine.com\/ru\/wp-json\/wp\/v2\/media\/4267"}],"wp:attachment":[{"href":"https:\/\/www.ask-limousine.com\/ru\/wp-json\/wp\/v2\/media?parent=4148"}],"curies":[{"name":"wp","href":"https:\/\/api.w.org\/{rel}","templated":true}]}}