{"id":2946,"date":"2015-04-18T10:55:53","date_gmt":"2015-04-18T08:55:53","guid":{"rendered":"\/\/www.ask-limousine.com\/?page_id=2946"},"modified":"2023-12-30T00:26:40","modified_gmt":"2023-12-29T23:26:40","slug":"chauffeur-prive-cannes-location-de-voiture-avec-chauffeur","status":"publish","type":"page","link":"https:\/\/www.ask-limousine.com\/ru\/luxury-chauffeur-service-cannes\/chauffeur-prive-cannes-location-de-voiture-avec-chauffeur\/","title":{"rendered":"Cannes Private Chauffeur Service | Chauffeur Driven Cars Hire"},"content":{"rendered":"<h1 class=\"title-styleh1\"><strong>Cannes Private Chauffeur Service | Chauffeur Driven Cars Hire<\/strong><br \/>\nCannes | Mandelieu | Nice | Cote d&#8217;Azur | Saint Tropez | Paris.<\/p>\n<blockquote><p>ASK Limousine does everything in its power to provide you with top-quality transportation services. Book your car rental with your private chauffeur in Cannes<br \/>\nThe &#8220;As Directed&#8221; service is the ideal solution for all your individual or group travel needs.<br \/>\nYour transportation is planned according to your needs and anticipated by us, so you don&#8217;t have to think about anything, we take care of everything.<br \/>\nThe Mise \u00e0 Disposition service optimizes your time, and your private chauffeur remains at your disposal for the duration of the service.<\/p><\/blockquote>\n<p>As part of our Mise \u00e0 Disposition service, your chauffeur will welcome you and drop you off at the end of your mission at the location of your choice (company, airport\/train station, home, hotel, restaurant&#8230;).<br \/>\nThis service applies to all your trips requiring greater availability on the part of your chauffeur.<br \/>\nASK Limousine Private Chauffeur Service provides companies and individuals with top-of-the-range chauffeur-driven vehicles for VIP, Business, tourism, Seminars, Meetings, Conventions, Events and Leisure trips.<br \/>\nFor your safety, at your request, we organize and set up a close security service.<\/p>\n<p>Available 24\/7<\/p>\n<table class=\"table demo\">\n<thead>\n<tr>\n<th align=\"center\" data-sort-ignore=\"true\" data-toggle=\"true\"><a style=\"color:#000000;\" href=\"\/\/www.ask-limousine.com\/location-de-limousine-et-voiture-avec-chauffeur-cannes\/ask-limousine-location-voiture-et-limousine-de-luxe-avec-chauffeur-cannes-nice-aeroport-monaco-st-tropez\/\"> Location de voiture avec chauffeur<\/a><\/th>\n<th align=\"center\" valign=\"middle\" data-sort-ignore=\"true\" data-hide=\"phone\"><a style=\"color:#000000;\" href=\"\/\/www.ask-limousine.com\/location-de-limousine-et-voiture-avec-chauffeur-cannes\/ask-limousine-location-voiture-et-limousine-de-luxe-avec-chauffeur-cannes-nice-aeroport-monaco-st-tropez\/\"> Class E. 3 Pax<\/a><\/th>\n<th align=\"center\" valign=\"middle\" data-sort-ignore=\"true\" data-hide=\"phone\"><a style=\"color:#000000;\" href=\"\/\/www.ask-limousine.com\/location-de-limousine-et-voiture-avec-chauffeur-cannes\/ask-limousine-location-voiture-et-limousine-de-luxe-avec-chauffeur-cannes-nice-aeroport-monaco-st-tropez\/\"> MB Vito 8 Pax<\/a><\/th>\n<th align=\"center\" valign=\"middle\" data-sort-ignore=\"true\" data-hide=\"phone\"><a style=\"color:#000000;\" href=\"\/\/www.ask-limousine.com\/location-de-limousine-et-voiture-avec-chauffeur-cannes\/ask-limousine-location-voiture-et-limousine-de-luxe-avec-chauffeur-cannes-nice-aeroport-monaco-st-tropez\/\"> Class V Lux.7 Pax<\/a><\/th>\n<th align=\"center\" valign=\"middle\" data-sort-ignore=\"true\" data-hide=\"phone\"><a style=\"color:#000000;\" href=\"\/\/www.ask-limousine.com\/location-de-limousine-et-voiture-avec-chauffeur-cannes\/ask-limousine-location-voiture-et-limousine-de-luxe-avec-chauffeur-cannes-nice-aeroport-monaco-st-tropez\/\"> Class S. 3 pax <\/a><\/th>\n<th align=\"center\" valign=\"middle\" data-sort-ignore=\"true\" data-hide=\"phone\" data-toggle=\"true\">Km Inclus<\/th>\n<\/tr>\n<\/thead>\n<tbody>\n<tr>\n<td align=\"center\">4h00<\/td>\n<td align=\"center\" valign=\"middle\">340\u20ac<\/td>\n<td align=\"center\" valign=\"middle\">380\u20ac<\/td>\n<td align=\"center\" valign=\"middle\">380\u20ac<\/td>\n<td align=\"center\" valign=\"middle\">600\u20ac<\/td>\n<td align=\"center\" valign=\"middle\">80km<\/td>\n<\/tr>\n<tr>\n<td align=\"center\">8h00<\/td>\n<td align=\"center\" valign=\"middle\">680\u20ac<\/td>\n<td align=\"center\" valign=\"middle\">760\u20ac<\/td>\n<td align=\"center\" valign=\"middle\">760\u20ac<\/td>\n<td align=\"center\" valign=\"middle\">1200\u20ac<\/td>\n<td align=\"center\" valign=\"middle\">160km<\/td>\n<\/tr>\n<tr>\n<td align=\"center\">Extra hour from (8:00 am)<\/td>\n<td align=\"center\" valign=\"middle\">80\u20ac<\/td>\n<td align=\"center\" valign=\"middle\">90\u20ac<\/td>\n<td align=\"center\" valign=\"middle\">90\u20ac<\/td>\n<td align=\"center\" valign=\"middle\">150\u20ac<\/td>\n<td align=\"center\" valign=\"middle\">20km<\/td>\n<\/tr>\n<tr>\n<td align=\"center\">Extra hour from (8:00 pm)<\/td>\n<td align=\"center\" valign=\"middle\">80\u20ac<\/td>\n<td align=\"center\" valign=\"middle\">90\u20ac<\/td>\n<td align=\"center\" valign=\"middle\">90\u20ac<\/td>\n<td align=\"center\" valign=\"middle\">150\u20ac<\/td>\n<td align=\"center\" valign=\"middle\">20km<\/td>\n<\/tr>\n<tr>\n<td align=\"center\">Flight delay (rate\/hour)<\/td>\n<td align=\"center\" valign=\"middle\">75\u20ac<\/td>\n<td align=\"center\" valign=\"middle\">85\u20ac<\/td>\n<td align=\"center\" valign=\"middle\">85\u20ac<\/td>\n<td align=\"center\" valign=\"middle\">150\u20ac<\/td>\n<td align=\"center\" valign=\"middle\">&#8230;<\/td>\n<\/tr>\n<tr>\n<td align=\"center\">Extra KM<\/td>\n<td align=\"center\" valign=\"middle\">1,8<\/td>\n<td align=\"center\" valign=\"middle\">2,0<\/td>\n<td align=\"center\" valign=\"middle\">2,0<\/td>\n<td align=\"center\" valign=\"middle\">3,0<\/td>\n<td align=\"center\" valign=\"middle\">&#8230;<\/td>\n<\/tr>\n<tr>\n<td align=\"center\">P\u00e9age en suppl\u00e9ment<\/td>\n<td align=\"center\" valign=\"middle\">X<\/td>\n<td align=\"center\" valign=\"middle\">X<\/td>\n<td align=\"center\" valign=\"middle\">X<\/td>\n<td align=\"center\" valign=\"middle\">X<\/td>\n<td align=\"center\" valign=\"middle\">&#8230;<\/td>\n<\/tr>\n<tr>\n<td align=\"center\">Extra repas Chauffeur<\/td>\n<td align=\"center\" valign=\"middle\">25\u20ac<\/td>\n<td align=\"center\" valign=\"middle\">25\u20ac<\/td>\n<td align=\"center\" valign=\"middle\">25\u20ac<\/td>\n<td align=\"center\" valign=\"middle\">25\u20ac<\/td>\n<td align=\"center\" valign=\"middle\">&#8230;<\/td>\n<\/tr>\n<\/tbody>\n<\/table>\n<p>Veuillez nous contacter pour r\u00e9server votre voiture avec chauffeur.<\/p>\n<ul>\n<li>Par t\u00e9l\u00e9phone au: +33(0)6.13.04.20.12<\/li>\n<li>Par mail \u00e0: <span style=\"text-decoration: underline;\"><a href=\"mailto:contact@ask-limousine.com\">contact@ask-limousine.com<\/a>.<\/span><\/li>\n<\/ul>\n<p>&#8211; Temps d&#8217;attente Gratuit: <strong>30mn<\/strong><br \/>\nA\u00e9roport Priv\u00e9 de Nice, A\u00e9roport priv\u00e9 de Cannes Mandelieu, A\u00e9roport priv\u00e9 de St Tropez,<br \/>\nParis A\u00e9roport Le Bourget, H\u00e9liport de Cannes, H\u00e9liport de St Tropez.<br \/>\n&#8211; Temps d&#8217;attente Gratuit:<strong> 15mn<\/strong><br \/>\nHotels et autres lieux de prise en charge.<br \/>\n&#8211; Tous les prix indiqu\u00e9s sont par v\u00e9hicule et non par passager.<br \/>\n&#8211; TVA incluse.<ins datetime=\"2024-01-10T13:14:55+00:00\"><\/p>\n","protected":false},"excerpt":{"rendered":"<p>Cannes Private Chauffeur Service | Chauffeur Driven Cars Hire Cannes | Mandelieu | Nice | Cote d&#8217;Azur | Saint Tropez | Paris. ASK Limousine does everything in its power to provide you with top-quality transportation services. Book your car rental with your private chauffeur in Cannes The &#8220;As Directed&#8221; service is the ideal solution for<\/p>\n","protected":false},"author":2,"featured_media":3298,"parent":362,"menu_order":0,"comment_status":"closed","ping_status":"open","template":"","meta":{"footnotes":""},"aioseo_notices":[],"_links":{"self":[{"href":"https:\/\/www.ask-limousine.com\/ru\/wp-json\/wp\/v2\/pages\/2946"}],"collection":[{"href":"https:\/\/www.ask-limousine.com\/ru\/wp-json\/wp\/v2\/pages"}],"about":[{"href":"https:\/\/www.ask-limousine.com\/ru\/wp-json\/wp\/v2\/types\/page"}],"author":[{"embeddable":true,"href":"https:\/\/www.ask-limousine.com\/ru\/wp-json\/wp\/v2\/users\/2"}],"replies":[{"embeddable":true,"href":"https:\/\/www.ask-limousine.com\/ru\/wp-json\/wp\/v2\/comments?post=2946"}],"version-history":[{"count":0,"href":"https:\/\/www.ask-limousine.com\/ru\/wp-json\/wp\/v2\/pages\/2946\/revisions"}],"up":[{"embeddable":true,"href":"https:\/\/www.ask-limousine.com\/ru\/wp-json\/wp\/v2\/pages\/362"}],"wp:featuredmedia":[{"embeddable":true,"href":"https:\/\/www.ask-limousine.com\/ru\/wp-json\/wp\/v2\/media\/3298"}],"wp:attachment":[{"href":"https:\/\/www.ask-limousine.com\/ru\/wp-json\/wp\/v2\/media?parent=2946"}],"curies":[{"name":"wp","href":"https:\/\/api.w.org\/{rel}","templated":true}]}}