{"id":11,"date":"2013-10-24T09:20:01","date_gmt":"2013-10-24T07:20:01","guid":{"rendered":"http:\/\/localhost\/wordpress-rc\/?page_id=11"},"modified":"2026-04-18T19:29:43","modified_gmt":"2026-04-18T17:29:43","slug":"luxury-private-chauffeur-service-cannes","status":"publish","type":"page","link":"https:\/\/www.ask-limousine.com\/en\/","title":{"rendered":"Accueil"},"content":{"rendered":"<p><img decoding=\"async\" class=\"aligncenter size-large wp-image-4262\" src=\"\/\/www.ask-limousine.com\/wp-content\/uploads\/2024\/01\/VIP-Luxury-PrivateJet-Nice-Airport-Chauffeur-Service-1024x573.jpg\" alt=\"\" width=\"100%\" srcset=\"https:\/\/www.ask-limousine.com\/wp-content\/uploads\/2024\/01\/VIP-Luxury-PrivateJet-Nice-Airport-Chauffeur-Service-1024x573.jpg 1024w, https:\/\/www.ask-limousine.com\/wp-content\/uploads\/2024\/01\/VIP-Luxury-PrivateJet-Nice-Airport-Chauffeur-Service-600x336.jpg 600w, https:\/\/www.ask-limousine.com\/wp-content\/uploads\/2024\/01\/VIP-Luxury-PrivateJet-Nice-Airport-Chauffeur-Service-768x430.jpg 768w, https:\/\/www.ask-limousine.com\/wp-content\/uploads\/2024\/01\/VIP-Luxury-PrivateJet-Nice-Airport-Chauffeur-Service-1536x860.jpg 1536w, https:\/\/www.ask-limousine.com\/wp-content\/uploads\/2024\/01\/VIP-Luxury-PrivateJet-Nice-Airport-Chauffeur-Service-100x56.jpg 100w, https:\/\/www.ask-limousine.com\/wp-content\/uploads\/2024\/01\/VIP-Luxury-PrivateJet-Nice-Airport-Chauffeur-Service.jpg 2000w\" sizes=\"(max-width: 1024px) 100vw, 1024px\" \/><\/p>\n<h3 class=\"title-styleh3\"><strong>Cannes Luxury Chauffeur service | Nice Airport luxury Chauffeur Service<\/strong><\/h3>\n<hr \/>\n<blockquote><p>Accueil | R\u00e9servation | ASK Limousine, Cannes Luxury Chauffeur Services, est une soci\u00e9t\u00e9 de transport de luxe distingu\u00e9e, forte d&#8217;une d\u00e9cennie d&#8217;exp\u00e9rience dans la fourniture de services de chauffeur exceptionnels. Gr\u00e2ce \u00e0 notre engagement ind\u00e9fectible \u00e0 satisfaire nos clients, nous nous sommes impos\u00e9s comme un nom de confiance dans le secteur. Notre mission est simple : offrir \u00e0 nos clients des exp\u00e9riences de luxe in\u00e9gal\u00e9es. Nous comprenons que chaque client est unique et nous adaptons nos services \u00e0 leurs besoins et pr\u00e9f\u00e9rences sp\u00e9cifiques. Avec une approche formelle et professionnelle, nous respectons constamment les normes de service les plus \u00e9lev\u00e9es, garantissant que chaque voyage avec nous est fluide et luxueux.<\/p><\/blockquote>\n<p><img decoding=\"async\" class=\"alignright size-large wp-image-4267\" src=\"\/\/www.ask-limousine.com\/wp-content\/uploads\/2024\/01\/Private-Jet-Cannes-Airport-Luxury-Chauffeur-Service-Nice-Airport--1024x682.jpg\" alt=\"\" width=\"100%\" srcset=\"https:\/\/www.ask-limousine.com\/wp-content\/uploads\/2024\/01\/Private-Jet-Cannes-Airport-Luxury-Chauffeur-Service-Nice-Airport--1024x682.jpg 1024w, https:\/\/www.ask-limousine.com\/wp-content\/uploads\/2024\/01\/Private-Jet-Cannes-Airport-Luxury-Chauffeur-Service-Nice-Airport--600x399.jpg 600w, https:\/\/www.ask-limousine.com\/wp-content\/uploads\/2024\/01\/Private-Jet-Cannes-Airport-Luxury-Chauffeur-Service-Nice-Airport--768x511.jpg 768w, https:\/\/www.ask-limousine.com\/wp-content\/uploads\/2024\/01\/Private-Jet-Cannes-Airport-Luxury-Chauffeur-Service-Nice-Airport--100x67.jpg 100w, https:\/\/www.ask-limousine.com\/wp-content\/uploads\/2024\/01\/Private-Jet-Cannes-Airport-Luxury-Chauffeur-Service-Nice-Airport--330x220.jpg 330w, https:\/\/www.ask-limousine.com\/wp-content\/uploads\/2024\/01\/Private-Jet-Cannes-Airport-Luxury-Chauffeur-Service-Nice-Airport--450x300.jpg 450w, https:\/\/www.ask-limousine.com\/wp-content\/uploads\/2024\/01\/Private-Jet-Cannes-Airport-Luxury-Chauffeur-Service-Nice-Airport-.jpg 1400w\" sizes=\"(max-width: 1024px) 100vw, 1024px\" \/> Ce qui nous distingue, c&#8217;est notre engagement in\u00e9branlable \u00e0 offrir une valeur authentique. Nous donnons la priorit\u00e9 aux besoins de nos clients et nous nous effor\u00e7ons de d\u00e9passer leurs attentes \u00e0 chaque interaction. Notre \u00e9quipe de chauffeurs hautement qualifi\u00e9s et professionnels garantit un trajet s\u00fbr et confortable, tandis que notre flotte de v\u00e9hicules luxueux est l&#8217;incarnation m\u00eame du style et de l&#8217;\u00e9l\u00e9gance. ASK Limousine est fi\u00e8re d&#8217;offrir des solutions de transport haut de gamme pour chaque occasion. Gr\u00e2ce \u00e0 nos services fiables et pratiques, vous pouvez voyager en toute d\u00e9contraction depuis votre lieu de prise en charge jusqu&#8217;\u00e0 votre destination finale. R\u00e9servez votre prochain voyage d\u00e8s aujourd&#8217;hui.<\/p>\n<hr \/>\n<h3 class=\"title-styleh3\"><strong>Pourquoi nous choisir ?<\/strong><\/h3>\n<p>Pour les affaires ou le plaisir, que vous ayez besoin d&#8217;un transfert a\u00e9roport ou d&#8217;un service avec chauffeur, \u00e0 Nice, Cannes ou Paris, nous fournissons un service haut de gamme avec des v\u00e9hicules de luxe. Nos chauffeurs qualifi\u00e9s et multilingues vous conduiront l\u00e0 o\u00f9 vous le souhaitez. Nous avons \u00e9tabli une r\u00e9putation d&#8217;excellence dans le transport de personnes avec des chauffeurs fiables, discrets et s\u00fbrs. En choisissant un chauffeur personnel, les particuliers peuvent r\u00e9duire leur empreinte carbone et contribuer \u00e0 un avenir plus vert. Nous utilisons des v\u00e9hicules \u00e9conomes en carburant ou des voitures \u00e9lectriques, qui minimisent les \u00e9missions et la pollution de l&#8217;air. De plus, nos chauffeurs privil\u00e9gient une planification efficace des itin\u00e9raires et utilisent des syst\u00e8mes de navigation avanc\u00e9s pour minimiser la dur\u00e9e des trajets et la consommation de carburant. En nous concentrant sur des pratiques respectueuses de l&#8217;environnement, nous offrons une exp\u00e9rience de transport luxueuse et pratique tout en promouvant la responsabilit\u00e9 environnementale. Nos prix sont clairs, il n&#8217;y a donc pas de frais cach\u00e9s lorsque vous r\u00e9servez. Le prix que vous voyez est le prix que vous payez &#8211; alors pourquoi attendre ? <img loading=\"lazy\" decoding=\"async\" width=\"600\" height=\"120\" class=\"alignright size-medium wp-image-4513\" src=\"\/\/www.ask-limousine.com\/wp-content\/uploads\/2024\/01\/Chauffeur-Service-Nice-Cannes-Paris-1-600x120.jpg\" alt=\"\" srcset=\"https:\/\/www.ask-limousine.com\/wp-content\/uploads\/2024\/01\/Chauffeur-Service-Nice-Cannes-Paris-1-600x120.jpg 600w, https:\/\/www.ask-limousine.com\/wp-content\/uploads\/2024\/01\/Chauffeur-Service-Nice-Cannes-Paris-1-1024x204.jpg 1024w, https:\/\/www.ask-limousine.com\/wp-content\/uploads\/2024\/01\/Chauffeur-Service-Nice-Cannes-Paris-1-768x153.jpg 768w, https:\/\/www.ask-limousine.com\/wp-content\/uploads\/2024\/01\/Chauffeur-Service-Nice-Cannes-Paris-1-1536x306.jpg 1536w, https:\/\/www.ask-limousine.com\/wp-content\/uploads\/2024\/01\/Chauffeur-Service-Nice-Cannes-Paris-1-2048x408.jpg 2048w, https:\/\/www.ask-limousine.com\/wp-content\/uploads\/2024\/01\/Chauffeur-Service-Nice-Cannes-Paris-1-100x20.jpg 100w\" sizes=\"(max-width: 600px) 100vw, 600px\" \/> Cannes Chauffeur service | Nice Airport Chauffeur Service<\/p>\n","protected":false},"excerpt":{"rendered":"<p>Cannes Luxury Chauffeur service | Nice Airport luxury Chauffeur Service Accueil | R\u00e9servation | ASK Limousine, Cannes Luxury Chauffeur Services, est une soci\u00e9t\u00e9 de transport de luxe distingu\u00e9e, forte d&#8217;une d\u00e9cennie d&#8217;exp\u00e9rience dans la fourniture de services de chauffeur exceptionnels. Gr\u00e2ce \u00e0 notre engagement ind\u00e9fectible \u00e0 satisfaire nos clients, nous nous sommes impos\u00e9s comme un<\/p>\n","protected":false},"author":2,"featured_media":4262,"parent":0,"menu_order":0,"comment_status":"closed","ping_status":"open","template":"page-templates\/template-homepage-3.php","meta":{"footnotes":""},"aioseo_notices":[],"_links":{"self":[{"href":"https:\/\/www.ask-limousine.com\/en\/wp-json\/wp\/v2\/pages\/11"}],"collection":[{"href":"https:\/\/www.ask-limousine.com\/en\/wp-json\/wp\/v2\/pages"}],"about":[{"href":"https:\/\/www.ask-limousine.com\/en\/wp-json\/wp\/v2\/types\/page"}],"author":[{"embeddable":true,"href":"https:\/\/www.ask-limousine.com\/en\/wp-json\/wp\/v2\/users\/2"}],"replies":[{"embeddable":true,"href":"https:\/\/www.ask-limousine.com\/en\/wp-json\/wp\/v2\/comments?post=11"}],"version-history":[{"count":10,"href":"https:\/\/www.ask-limousine.com\/en\/wp-json\/wp\/v2\/pages\/11\/revisions"}],"predecessor-version":[{"id":80349,"href":"https:\/\/www.ask-limousine.com\/en\/wp-json\/wp\/v2\/pages\/11\/revisions\/80349"}],"wp:featuredmedia":[{"embeddable":true,"href":"https:\/\/www.ask-limousine.com\/en\/wp-json\/wp\/v2\/media\/4262"}],"wp:attachment":[{"href":"https:\/\/www.ask-limousine.com\/en\/wp-json\/wp\/v2\/media?parent=11"}],"curies":[{"name":"wp","href":"https:\/\/api.w.org\/{rel}","templated":true}]}}